{"id":56,"date":"2020-02-18T09:58:12","date_gmt":"2020-02-18T08:58:12","guid":{"rendered":"http:\/\/dk-st-josef.de\/?page_id=56"},"modified":"2025-01-10T17:43:21","modified_gmt":"2025-01-10T16:43:21","slug":"rut-wiesse-maedche","status":"publish","type":"page","link":"http:\/\/dk-st-josef.de\/?page_id=56","title":{"rendered":"Die Ruut-Wie\u00dfe M\u00e4dche im Damenkomitee St. Josef"},"content":{"rendered":"<div class=\"wp-block-image\">\n<figure class=\"aligncenter is-resized\"><img loading=\"lazy\" decoding=\"async\" width=\"1024\" height=\"683\" src=\"http:\/\/dk-st-josef.de\/wp-content\/uploads\/2020\/02\/IMG_8430-1024x683.jpg\" alt=\"\" class=\"wp-image-103\" style=\"width:508px;height:338px\" srcset=\"http:\/\/dk-st-josef.de\/wp-content\/uploads\/2020\/02\/IMG_8430-1024x683.jpg 1024w, http:\/\/dk-st-josef.de\/wp-content\/uploads\/2020\/02\/IMG_8430-300x200.jpg 300w, http:\/\/dk-st-josef.de\/wp-content\/uploads\/2020\/02\/IMG_8430-768x512.jpg 768w, http:\/\/dk-st-josef.de\/wp-content\/uploads\/2020\/02\/IMG_8430-90x60.jpg 90w, http:\/\/dk-st-josef.de\/wp-content\/uploads\/2020\/02\/IMG_8430-374x249.jpg 374w\" sizes=\"auto, (max-width: 1024px) 100vw, 1024px\" \/><figcaption class=\"wp-element-caption\"><mark style=\"background-color:rgba(0, 0, 0, 0)\" class=\"has-inline-color has-vivid-red-color\"><sup>Der erste Nachwuchs des Damenkomitees 2015. Zu erkennen sind sie an H\u00e4ubchen und Komitee-Shirt<\/sup><\/mark>.<\/figcaption><\/figure>\n<\/div>\n\n\n<ul class=\"wp-block-list\">\n<li>Ein Bericht in Kamelle.de:  <a href=\"https:\/\/www.kamelle.de\/narren-news\/beuel\/rut-wiesse-maedels-verstaerken-die-sitzung_aid-43118565\">https:\/\/www.kamelle.de\/narren-news\/beuel\/rut-wiesse-maedels-verstaerken-die-sitzung_aid-43118565<\/a><\/li>\n<\/ul>\n\n\n\n<p class=\"has-medium-font-size\">Nachwuchs-F\u00f6rderung im Damenkomitee St. Josef&nbsp;<\/p>\n\n\n\n<p>Und schon wieder startet eine neue Nachwuchsgruppe, um mit viel Spa\u00df un Freud an das Karnevalsbrauchtum, insbesonders das Beueler Brauchtum herangef\u00fchrt zu werden. Sieben M\u00e4dchen im Alter von 11-13 Jahren bilden nun die zweite Nachwuchsgruppe im Damenkomitee St. Josef und werden die Frauensitzung und unsere Gruppe im Weiberfastnachtszug bereichern und in Schwung halten. Geleitet wird die Gruppe von den mittlerweile erwachsenen Frauen aus der ersten Nachwuchsgruppe. Wer Interesse hat mitzumachen, kann sich melden unter info@dk-st-josef.de<\/p>\n\n\n\n<p>Wir wissen: Es ist wichtig, schon in jungen Jahren zu erleben, wie sch\u00f6n unser Beueler Brauchtums &nbsp;ist, damit immer wieder junge Menschen, bereit sind, Zeit daf\u00fcr zu investieren, sich auf der B\u00fchne etwas zutrauen und engagiert Aufgaben \u00fcbernehmen. Nicht erst durch unsere W\u00e4scherprinzessinnen Lara I,&nbsp; Susanne II. und Ariane I. ist uns das deutlich geworden. Susanne und Lara haben schon als Kinder erste Erfahrungen im Karneval sammeln k\u00f6nnen, indem sie bei Veranstaltungen im Pfarrheim St. Josef auftreten durften und Ariane ist auch schon als Kind im Lik\u00fcra-Staat in den Karneval hineingewachsen.&nbsp;<\/p>\n\n\n\n<p>Also haben wir beschlossen, auch als Damenkomitee den Spa\u00df am Karneval an junge Menschen weiterzugeben- man kann eben nicht fr\u00fch genug damit anfangen. Deshalb gibt es seit August 2015 die erste Nachwuchs-Gruppe \u201eRuut-wie\u00dfe M\u00e4dsche&#8220; in unserem Damenkomitee St. Josef. F\u00fcnf damals 11- bis 14-j\u00e4hrige M\u00e4dchen gingen im Weiberfastnachtszug mit und traten mit einer eigenen Nummer auf unser Frauensitzung auf. Gerne baten wir sie auch noch kurzfristig, bei einzelnen Auftritten um Unterst\u00fctzung. Das klappte wunderbar und war eine erfrischende Bereicherung. Mittlerweile sind die junge Frauen vollj\u00e4hrig und ordentliche Mitglieder des Damenkomitees.<\/p>\n\n\n<div class=\"wp-block-image\">\n<figure class=\"aligncenter size-large is-resized\"><img loading=\"lazy\" decoding=\"async\" width=\"1024\" height=\"683\" src=\"http:\/\/dk-st-josef.de\/wp-content\/uploads\/2020\/10\/IMG_9013-1024x683.jpg\" alt=\"\" class=\"wp-image-449\" style=\"width:508px\" srcset=\"http:\/\/dk-st-josef.de\/wp-content\/uploads\/2020\/10\/IMG_9013-1024x683.jpg 1024w, http:\/\/dk-st-josef.de\/wp-content\/uploads\/2020\/10\/IMG_9013-300x200.jpg 300w, http:\/\/dk-st-josef.de\/wp-content\/uploads\/2020\/10\/IMG_9013-768x512.jpg 768w, http:\/\/dk-st-josef.de\/wp-content\/uploads\/2020\/10\/IMG_9013-90x60.jpg 90w, http:\/\/dk-st-josef.de\/wp-content\/uploads\/2020\/10\/IMG_9013-374x249.jpg 374w, http:\/\/dk-st-josef.de\/wp-content\/uploads\/2020\/10\/IMG_9013.jpg 1417w\" sizes=\"auto, (max-width: 1024px) 100vw, 1024px\" \/><figcaption class=\"wp-element-caption\"><sup><span class=\"has-inline-color has-vivid-red-color\">Die Ruut-Wie\u00dfe M\u00e4dchen sind bereit f\u00fcr Ihre Nummer in der Sitzung<\/span><\/sup><\/figcaption><\/figure>\n<\/div>\n\n\n<p>Da\u00df die Nachwuchsf\u00f6rderung erfolgreich ist, zeigt sich z.B. daran, dass unsere Judith (R\u00f6tten) eine W\u00e4scherin der Session 2020\/2021 war. Unten zu sehen beim Vorstelltermin auf dem Beuel Rathausplatz mit allen Ruut-Wie\u00dfe M\u00e4dchen. in der Session 2024\/2025 ist aus dieser Gruppe Eva (Schimmels) W\u00e4scherin an der Seite von Lea I. .<\/p>\n\n\n<div class=\"wp-block-image\">\n<figure class=\"aligncenter size-large is-resized\"><img loading=\"lazy\" decoding=\"async\" width=\"1417\" height=\"886\" src=\"http:\/\/dk-st-josef.de\/wp-content\/uploads\/2020\/10\/IMG_3398-1-edited.jpg\" alt=\"\" class=\"wp-image-507\" style=\"width:508px\" srcset=\"http:\/\/dk-st-josef.de\/wp-content\/uploads\/2020\/10\/IMG_3398-1-edited.jpg 1417w, http:\/\/dk-st-josef.de\/wp-content\/uploads\/2020\/10\/IMG_3398-1-edited-300x188.jpg 300w, http:\/\/dk-st-josef.de\/wp-content\/uploads\/2020\/10\/IMG_3398-1-edited-1024x640.jpg 1024w, http:\/\/dk-st-josef.de\/wp-content\/uploads\/2020\/10\/IMG_3398-1-edited-768x480.jpg 768w, http:\/\/dk-st-josef.de\/wp-content\/uploads\/2020\/10\/IMG_3398-1-edited-96x60.jpg 96w\" sizes=\"auto, (max-width: 1417px) 100vw, 1417px\" \/><figcaption class=\"wp-element-caption\"><mark style=\"background-color:rgba(0, 0, 0, 0)\" class=\"has-inline-color has-vivid-red-color\"><sup>Hinten links die W\u00e4scherprinzessin Lena I. von 2020\/21, in der Mitte W\u00e4scherin Judith und rechts W\u00e4scherin Janina<\/sup><\/mark><\/figcaption><\/figure>\n<\/div>","protected":false},"excerpt":{"rendered":"<p>Nachwuchs-F\u00f6rderung im Damenkomitee St. Josef&nbsp; Und schon wieder startet eine neue Nachwuchsgruppe, um mit viel Spa\u00df un Freud an das Karnevalsbrauchtum, insbesonders das Beueler Brauchtum &hellip; <\/p>\n","protected":false},"author":1,"featured_media":0,"parent":0,"menu_order":6,"comment_status":"closed","ping_status":"closed","template":"","meta":{"footnotes":""},"class_list":["post-56","page","type-page","status-publish","hentry","latest_post"],"_links":{"self":[{"href":"http:\/\/dk-st-josef.de\/index.php?rest_route=\/wp\/v2\/pages\/56","targetHints":{"allow":["GET"]}}],"collection":[{"href":"http:\/\/dk-st-josef.de\/index.php?rest_route=\/wp\/v2\/pages"}],"about":[{"href":"http:\/\/dk-st-josef.de\/index.php?rest_route=\/wp\/v2\/types\/page"}],"author":[{"embeddable":true,"href":"http:\/\/dk-st-josef.de\/index.php?rest_route=\/wp\/v2\/users\/1"}],"replies":[{"embeddable":true,"href":"http:\/\/dk-st-josef.de\/index.php?rest_route=%2Fwp%2Fv2%2Fcomments&post=56"}],"version-history":[{"count":21,"href":"http:\/\/dk-st-josef.de\/index.php?rest_route=\/wp\/v2\/pages\/56\/revisions"}],"predecessor-version":[{"id":1228,"href":"http:\/\/dk-st-josef.de\/index.php?rest_route=\/wp\/v2\/pages\/56\/revisions\/1228"}],"wp:attachment":[{"href":"http:\/\/dk-st-josef.de\/index.php?rest_route=%2Fwp%2Fv2%2Fmedia&parent=56"}],"curies":[{"name":"wp","href":"https:\/\/api.w.org\/{rel}","templated":true}]}}