{"id":28,"date":"2020-02-18T08:10:57","date_gmt":"2020-02-18T07:10:57","guid":{"rendered":"http:\/\/dk-st-josef.de\/?page_id=28"},"modified":"2023-03-29T22:42:04","modified_gmt":"2023-03-29T20:42:04","slug":"das-traditionscorps","status":"publish","type":"page","link":"http:\/\/dk-st-josef.de\/?page_id=28","title":{"rendered":"Traditionscorps Rot Gold Beuel von 2012"},"content":{"rendered":"\n<p class=\"has-large-font-size\"><\/p>\n\n\n<div class=\"wp-block-image is-style-default\">\n<figure class=\"aligncenter size-full is-resized\"><img loading=\"lazy\" decoding=\"async\" src=\"http:\/\/dk-st-josef.de\/wp-content\/uploads\/2023\/03\/Praesi2.jpg\" alt=\"\" class=\"wp-image-1161\" width=\"590\" height=\"384\"\/><figcaption class=\"wp-element-caption\"><sup><span class=\"has-inline-color has-vivid-red-color\">Das Traditionscorps vor der Proklamation der W\u00e4scherprinzessin<\/span><\/sup><\/figcaption><\/figure>\n<\/div>\n\n<div class=\"wp-block-image\">\n<figure class=\"aligncenter size-large is-resized\"><img loading=\"lazy\" decoding=\"async\" src=\"http:\/\/dk-st-josef.de\/wp-content\/uploads\/2023\/03\/Praesi1-1024x576.jpg\" alt=\"\" class=\"wp-image-1160\" width=\"573\" height=\"322\" srcset=\"http:\/\/dk-st-josef.de\/wp-content\/uploads\/2023\/03\/Praesi1-1024x576.jpg 1024w, http:\/\/dk-st-josef.de\/wp-content\/uploads\/2023\/03\/Praesi1-300x169.jpg 300w, http:\/\/dk-st-josef.de\/wp-content\/uploads\/2023\/03\/Praesi1-768x432.jpg 768w, http:\/\/dk-st-josef.de\/wp-content\/uploads\/2023\/03\/Praesi1-1536x864.jpg 1536w, http:\/\/dk-st-josef.de\/wp-content\/uploads\/2023\/03\/Praesi1-107x60.jpg 107w, http:\/\/dk-st-josef.de\/wp-content\/uploads\/2023\/03\/Praesi1.jpg 2048w\" sizes=\"auto, (max-width: 573px) 100vw, 573px\" \/><\/figure>\n<\/div>\n\n\n<p><\/p>\n\n\n\n<p class=\"has-drop-cap\">Der Karnevalstitel &#8222;Ich han en M\u00f6tz, jetzt bin ich Pr\u00e4sident&#8220; animierte vor Jahren einige Ehem\u00e4nner der Frauen des Damenkomitees St. Josef dazu, sich \u201ejeck\u201c zu organisieren, um gemeinsam viel Spa\u00df an d\u2019r Freud zu haben und die Ehefrauen bei ihrem n\u00e4rrischen Treiben in der Weiberfastnacht tatkr\u00e4ftig zu unterst\u00fctzen.<\/p>\n\n\n\n<p>Aus einer Bierlaune heraus wurde dann &#8211; vorangetrieben von einem waschechten Westfalen \u2013 das \u201eTraditionscorps Rot Gold Beuel von 2012\u201c gegr\u00fcndet. Alle Mitglieder sind gehalten, sich gegenseitig mit \u201eHerr Pr\u00e4sident\u201c anzusprechen. Das Kost\u00fcm wurde von einem edlen Kost\u00fcmhersteller an der K\u00f6nigswinterer Stra\u00dfe beigesteuert. In der Session 2015 hatten sich die \u201ePr\u00e4sidenten\u201c nat\u00fcrlich vorgenommen, ganz besonders die W\u00e4scherprinzessin Susanne II. aus dem eigenen Damenkomitee St. Josef und nat\u00fcrlich auch die Frauen mit ihren besonderen Aufgaben in dieser Session 2015 zu unterst\u00fctzen. Nicht mehr, aber auch nicht weniger!!<\/p>\n\n\n<div class=\"wp-block-image\">\n<figure class=\"aligncenter size-large\"><img loading=\"lazy\" decoding=\"async\" width=\"1024\" height=\"683\" src=\"http:\/\/dk-st-josef.de\/wp-content\/uploads\/2020\/02\/IMG_8745-1024x683.jpg\" alt=\"\" class=\"wp-image-101\" srcset=\"http:\/\/dk-st-josef.de\/wp-content\/uploads\/2020\/02\/IMG_8745-1024x683.jpg 1024w, http:\/\/dk-st-josef.de\/wp-content\/uploads\/2020\/02\/IMG_8745-300x200.jpg 300w, http:\/\/dk-st-josef.de\/wp-content\/uploads\/2020\/02\/IMG_8745-768x512.jpg 768w, http:\/\/dk-st-josef.de\/wp-content\/uploads\/2020\/02\/IMG_8745-90x60.jpg 90w, http:\/\/dk-st-josef.de\/wp-content\/uploads\/2020\/02\/IMG_8745-374x249.jpg 374w\" sizes=\"auto, (max-width: 1024px) 100vw, 1024px\" \/><figcaption class=\"wp-element-caption\"><sup><span class=\"has-inline-color has-vivid-red-color\">Das Traditionscorps in der Frauensitzung<\/span><\/sup><\/figcaption><\/figure>\n<\/div>\n\n\n<p>Bereits umgesetzt wurde die Idee, am Elternhaus der W\u00e4scherprinzessin eine Fahne zu hissen (Vater R\u00fcdiger ist auch \u201ePr\u00e4sident\u201c), tatkr\u00e4ftige Unterst\u00fctzung gab es beim Empfang der W\u00e4scherprinzessin, f\u00fcr die Proklamation von Susanne II. und f\u00fcr die Sitzung des Damenkomitees am Karnevalssamstag.<\/p>\n\n\n\n<p>Und schon \u201etraditionell\u201c nehmen die \u201ePr\u00e4sidenten\u201c auch am Einsingen in die Session von \u201eLoss mer singe\u201c im Stiefel teil und \u2013 wenn noch Zeit bleibt \u2013 trifft man sich zum gem\u00fctlichen Beisammensein in der Hofburg der W\u00e4scherprinzessin, bei Oberm\u00f6hn Ina.<\/p>\n\n\n<div class=\"wp-block-image\">\n<figure class=\"aligncenter size-large is-resized\"><img loading=\"lazy\" decoding=\"async\" src=\"http:\/\/dk-st-josef.de\/wp-content\/uploads\/2020\/10\/Ausflug-20-IMG_3467-1024x768.jpg\" alt=\"\" class=\"wp-image-272\" width=\"560\" height=\"420\" srcset=\"http:\/\/dk-st-josef.de\/wp-content\/uploads\/2020\/10\/Ausflug-20-IMG_3467-1024x768.jpg 1024w, http:\/\/dk-st-josef.de\/wp-content\/uploads\/2020\/10\/Ausflug-20-IMG_3467-300x225.jpg 300w, http:\/\/dk-st-josef.de\/wp-content\/uploads\/2020\/10\/Ausflug-20-IMG_3467-768x576.jpg 768w, http:\/\/dk-st-josef.de\/wp-content\/uploads\/2020\/10\/Ausflug-20-IMG_3467-80x60.jpg 80w, http:\/\/dk-st-josef.de\/wp-content\/uploads\/2020\/10\/Ausflug-20-IMG_3467.jpg 1417w\" sizes=\"auto, (max-width: 560px) 100vw, 560px\" \/><figcaption class=\"wp-element-caption\"><sup><span class=\"has-inline-color has-vivid-red-color\">Eine Abordnung der Pr\u00e4sidenten bereiten dem Damenkomitee aus Anlass ihres j\u00e4hrlichen Ausflugs einen kleinen Empfang vor dem Beueler Bahnhof. <\/span><\/sup><\/figcaption><\/figure>\n<\/div>\n\n\n<p><\/p>\n","protected":false},"excerpt":{"rendered":"<p>Der Karnevalstitel &#8222;Ich han en M\u00f6tz, jetzt bin ich Pr\u00e4sident&#8220; animierte vor Jahren einige Ehem\u00e4nner der Frauen des Damenkomitees St. Josef dazu, sich \u201ejeck\u201c zu &hellip; <\/p>\n","protected":false},"author":1,"featured_media":0,"parent":0,"menu_order":8,"comment_status":"closed","ping_status":"closed","template":"","meta":{"footnotes":""},"class_list":["post-28","page","type-page","status-publish","hentry","latest_post"],"_links":{"self":[{"href":"http:\/\/dk-st-josef.de\/index.php?rest_route=\/wp\/v2\/pages\/28","targetHints":{"allow":["GET"]}}],"collection":[{"href":"http:\/\/dk-st-josef.de\/index.php?rest_route=\/wp\/v2\/pages"}],"about":[{"href":"http:\/\/dk-st-josef.de\/index.php?rest_route=\/wp\/v2\/types\/page"}],"author":[{"embeddable":true,"href":"http:\/\/dk-st-josef.de\/index.php?rest_route=\/wp\/v2\/users\/1"}],"replies":[{"embeddable":true,"href":"http:\/\/dk-st-josef.de\/index.php?rest_route=%2Fwp%2Fv2%2Fcomments&post=28"}],"version-history":[{"count":16,"href":"http:\/\/dk-st-josef.de\/index.php?rest_route=\/wp\/v2\/pages\/28\/revisions"}],"predecessor-version":[{"id":1170,"href":"http:\/\/dk-st-josef.de\/index.php?rest_route=\/wp\/v2\/pages\/28\/revisions\/1170"}],"wp:attachment":[{"href":"http:\/\/dk-st-josef.de\/index.php?rest_route=%2Fwp%2Fv2%2Fmedia&parent=28"}],"curies":[{"name":"wp","href":"https:\/\/api.w.org\/{rel}","templated":true}]}}