{"id":169,"date":"2020-02-19T15:07:51","date_gmt":"2020-02-19T14:07:51","guid":{"rendered":"http:\/\/dk-st-josef.de\/?page_id=169"},"modified":"2025-01-15T16:22:49","modified_gmt":"2025-01-15T15:22:49","slug":"lara-i","status":"publish","type":"page","link":"http:\/\/dk-st-josef.de\/?page_id=169","title":{"rendered":"Lara I. &#8211; 2010"},"content":{"rendered":"\n<h2 class=\"wp-block-heading\">W\u00e4scherprinzessin <\/h2>\n\n\n\n<h2 class=\"wp-block-heading\">der Session 2009\/ 2010<\/h2>\n\n\n\n<div class=\"wp-block-image is-style-default\"><figure class=\"alignleft is-resized\"><img loading=\"lazy\" decoding=\"async\" src=\"http:\/\/dk-st-josef.de\/wp-content\/uploads\/2020\/02\/\u00a9Schafgans7743-retuschiert-726x1024.jpg\" alt=\"Lara Mohn\" class=\"wp-image-52\" width=\"363\" height=\"512\" srcset=\"http:\/\/dk-st-josef.de\/wp-content\/uploads\/2020\/02\/\u00a9Schafgans7743-retuschiert-726x1024.jpg 726w, http:\/\/dk-st-josef.de\/wp-content\/uploads\/2020\/02\/\u00a9Schafgans7743-retuschiert-213x300.jpg 213w, http:\/\/dk-st-josef.de\/wp-content\/uploads\/2020\/02\/\u00a9Schafgans7743-retuschiert-768x1083.jpg 768w, http:\/\/dk-st-josef.de\/wp-content\/uploads\/2020\/02\/\u00a9Schafgans7743-retuschiert-43x60.jpg 43w, http:\/\/dk-st-josef.de\/wp-content\/uploads\/2020\/02\/\u00a9Schafgans7743-retuschiert.jpg 1240w\" sizes=\"auto, (max-width: 363px) 100vw, 363px\" \/><figcaption><sup><span class=\"has-inline-color has-vivid-red-color\">Lara I.<\/span><\/sup><\/figcaption><\/figure><\/div>\n\n\n\n<p class=\"has-drop-cap\">Lara schrieb zu Ihrer Vorstellung im Sessionsheft:<\/p>\n\n\n\n<p><strong>Leev Jeeke,<\/strong><\/p>\n\n\n\n<p>ich bin zwar am&nbsp;12.&nbsp;September&nbsp;1988&nbsp;in Bonn geboren, doch schnell fand ich den Weg auf die sonnenreichere Beueler Rheinseite.&nbsp;Bei meinen Eltern Brigitte und Frank Mohn wuchs ich als echtes Beueler M\u00e4dchen mit meinen Br\u00fcdern Tobias und Fabian auf.<\/p>\n\n\n\n<p>Vom karnevalistischen Fieber angesteckt wurde ich schon im St. Pius-Kindergarten, wo ich&nbsp;1994&nbsp;Kinderw\u00e4scherin und&nbsp;1995Kinderw\u00e4scherprinzessin war. Ab dieser Zeit war mir klar: Wenn ich gro\u00df bin, will ich unbedingt auch mal \u201egro\u00dfe&#8220; W\u00e4scherprinzessin werden! Dieser Traum wird nun wahr und ich bin gl\u00fccklich und stolz, in diesem Jahr die Repr\u00e4sentantin der Beueler Weiberfastnacht zu sein! Nachdem ich das \u201ekleine&#8220; Br\u00f6ckem\u00e4nnche wieder abgelegt hatte, trat ich begeistert vom jecken Treiben f\u00fcr vier Jahre in das Kindercorps der Beueler Stadtsoldaten ein. Au\u00dferdem st\u00fcrmte ich die n\u00e4rrischen B\u00fchnen Beuels mit der singenden Kinderkarnevalsgruppe &#8222;Jucks P\u00e4nz&#8220; der Pfarrei St. Josef und des Kleinen Muck e.V.. Auch auf meiner Schule, dem St. Adelheid Gymnasium in P\u00fctzchen, wurde die karnevalistische Tradition stets an alle Sch\u00fclerinnen herangetragen, durch Karnevalsfeiern in den Klassen und der Teilnahme am Weiberfastnachtszug. So wurde mir ohne Z\u00f6gern erm\u00f6glicht, in der Session&nbsp;2007&nbsp;die W\u00e4scherprinzessin Sandra II. als W\u00e4scherin zu begleiten. Mit Sandra und meiner Mit-W\u00e4scherin Miriam erlebte ich eine unvergessliche und spannende Session, die meinen Wunsch, dieses Amt einmal selbst inne zu haben, nur bekr\u00e4ftigte.<\/p>\n\n\n\n<p>In meinem Damenkomitee, dem DK St. Josef, in dem ich seit&nbsp;2006&nbsp;Mitglied bin, sind meine W\u00e4scherin Lina und ich die K\u00fcken in der sehr altersgemischten Truppe. Doch das ist ja das Gute am Wieverfastelovend: Egal ob jung oder jung-geblieben, wir feiern zusammen, bereiten unsere Frauensitzung vor und stehen gemeinsam auf der B\u00fchne.<\/p>\n\n\n\n<p>Im Sommer&nbsp;2008&nbsp;hatte ich dann mein Abitur in der Tasche und es verschlug mich an die Grenzen des Rheinlands. In Aachen studiere ich seit dem &#8222;Communication and Multimedia Design&#8220; an der Fachhochschule. Obwohl ich mich inzwischen an so manche Aachener Eigenheit gew\u00f6hnt habe, z.B. wenn man friert, hat man dort kalt, zieht es mich doch oft weg vom unverst\u00e4ndlichen \u00d6cher Platt, zur\u00fcck ins &#8222;echte&#8220; Rheinland, nach Beuel. Hier engagiere ich mich weiterhin in &#8222;meinen&#8220; Vereinen,&nbsp;wie z.B. bei den Pfadfindern, im Damenkomitee&nbsp;und im Gospelchor &#8222;YoungGospelPower&#8220;&nbsp;der&nbsp;Pfarrei St. Josef. Man merkt es bestimmt: Ich&nbsp;bin&nbsp;auf verschiedenste Art und Weise mit der Pfarrei verbunden, in der ich aufgewachsen und zu&nbsp;Hause bin. Auf meinem pers\u00f6nlichen Anstecke~findet man deshalb auch die Kirche und das Don Bosco Jugendheim. Dort finden n\u00e4mlich sowohl die Chorproben, als auch die Gruppenstunden der Pfadfinder statt. Diese werden sich diese Session wohl auszahlen. Denn wer k\u00f6nnte wohl leichter einen Weg ins Rathaus finden, als eine Pfadfinderin? Und singen \u00f6ffnet ja bekanntlich T\u00fcren und Herzen. Meine Liebe zur Musik findet sich nat\u00fcrlich auch in meinem Motto wieder:<\/p>\n\n\n\n<p><strong>Laach on danz on b\u00fctz on sing &#8211; jecke T\u00f6n en Beuel am Rhing!<\/strong><\/p>\n\n\n\n<p>Mit diesem Gef\u00fchl und vielen jecken T\u00f6nen werden wir durch die S\u00e4le Beuels ziehen und \u00fcberall viel Spa\u00df und Freude verbreiten. Ich freue mich auf eine unvergessliche Session mit meinen W\u00e4scherinnen Lina und Jenny, meinem Damenkomitee und allen jecken Beuelern!<br><\/p>\n","protected":false},"excerpt":{"rendered":"<p>W\u00e4scherprinzessin der Session 2009\/ 2010 Lara schrieb zu Ihrer Vorstellung im Sessionsheft: Leev Jeeke, ich bin zwar am&nbsp;12.&nbsp;September&nbsp;1988&nbsp;in Bonn geboren, doch schnell fand ich den &hellip; <\/p>\n","protected":false},"author":1,"featured_media":0,"parent":134,"menu_order":3,"comment_status":"closed","ping_status":"closed","template":"","meta":{"footnotes":""},"class_list":["post-169","page","type-page","status-publish","hentry","latest_post"],"_links":{"self":[{"href":"http:\/\/dk-st-josef.de\/index.php?rest_route=\/wp\/v2\/pages\/169","targetHints":{"allow":["GET"]}}],"collection":[{"href":"http:\/\/dk-st-josef.de\/index.php?rest_route=\/wp\/v2\/pages"}],"about":[{"href":"http:\/\/dk-st-josef.de\/index.php?rest_route=\/wp\/v2\/types\/page"}],"author":[{"embeddable":true,"href":"http:\/\/dk-st-josef.de\/index.php?rest_route=\/wp\/v2\/users\/1"}],"replies":[{"embeddable":true,"href":"http:\/\/dk-st-josef.de\/index.php?rest_route=%2Fwp%2Fv2%2Fcomments&post=169"}],"version-history":[{"count":8,"href":"http:\/\/dk-st-josef.de\/index.php?rest_route=\/wp\/v2\/pages\/169\/revisions"}],"predecessor-version":[{"id":1144,"href":"http:\/\/dk-st-josef.de\/index.php?rest_route=\/wp\/v2\/pages\/169\/revisions\/1144"}],"up":[{"embeddable":true,"href":"http:\/\/dk-st-josef.de\/index.php?rest_route=\/wp\/v2\/pages\/134"}],"wp:attachment":[{"href":"http:\/\/dk-st-josef.de\/index.php?rest_route=%2Fwp%2Fv2%2Fmedia&parent=169"}],"curies":[{"name":"wp","href":"https:\/\/api.w.org\/{rel}","templated":true}]}}