{"id":165,"date":"2020-02-19T15:06:42","date_gmt":"2020-02-19T14:06:42","guid":{"rendered":"http:\/\/dk-st-josef.de\/?page_id=165"},"modified":"2023-03-29T21:51:24","modified_gmt":"2023-03-29T19:51:24","slug":"ariane-i","status":"publish","type":"page","link":"http:\/\/dk-st-josef.de\/?page_id=165","title":{"rendered":"Ariane I. &#8211; 2019"},"content":{"rendered":"\n<h2 class=\"wp-block-heading\">W\u00e4scherprinzessin <\/h2>\n\n\n\n<h2 class=\"wp-block-heading\">der Session 2018\/2019<\/h2>\n\n\n\n<div class=\"wp-block-image is-style-default\"><figure class=\"alignleft is-resized\"><img loading=\"lazy\" decoding=\"async\" src=\"http:\/\/dk-st-josef.de\/wp-content\/uploads\/2020\/02\/2019-Ariane-I-851x1024.jpg\" alt=\"Ariane Clever\" class=\"wp-image-49\" width=\"391\" height=\"470\" srcset=\"http:\/\/dk-st-josef.de\/wp-content\/uploads\/2020\/02\/2019-Ariane-I-851x1024.jpg 851w, http:\/\/dk-st-josef.de\/wp-content\/uploads\/2020\/02\/2019-Ariane-I-249x300.jpg 249w, http:\/\/dk-st-josef.de\/wp-content\/uploads\/2020\/02\/2019-Ariane-I-768x924.jpg 768w, http:\/\/dk-st-josef.de\/wp-content\/uploads\/2020\/02\/2019-Ariane-I-50x60.jpg 50w, http:\/\/dk-st-josef.de\/wp-content\/uploads\/2020\/02\/2019-Ariane-I-375x450.jpg 375w, http:\/\/dk-st-josef.de\/wp-content\/uploads\/2020\/02\/2019-Ariane-I.jpg 2000w\" sizes=\"auto, (max-width: 391px) 100vw, 391px\" \/><figcaption><span class=\"has-inline-color has-vivid-red-color\"><sup>Ariane I.<\/sup><\/span><\/figcaption><\/figure><\/div>\n\n\n\n<p class=\"has-drop-cap\">Ariane wurde zu ihrer Vorstellung im Sessionsheft 2019 interviewt:<\/p>\n\n\n\n<p><\/p>\n\n\n\n<p><strong>Liebe Ariane!<\/strong><\/p>\n\n\n\n<p class=\"has-text-align-left\"><strong>Herzlichen Gl\u00fcckwunsch zu deiner diesj\u00e4hrigen Aufgabe im Karneval: Repr\u00e4sentantin der Beueler Weiberfastnacht als W\u00e4scherprinzessin   Ariane I.!<\/strong><\/p>\n\n\n\n<p><strong>Heute werden sich viele Leser an das Sessionsheft des letzten Jahres erinnern, wo du dich damals als W\u00e4scherin vorgestellt hast. Deine karnevalistischen Interessen und Erfahrungen kennen zwar viele Leser schon, aber eine Kurzfassung nehmen wir auch gerne mit auf:<\/strong><\/p>\n\n\n\n<p>Ich z\u00e4hle mit zu den Gl\u00fcckspilzen, seit nun 26 Jahren op de Sch\u00e4\u00e4l Sick mein Zuhause zu haben, und ich m\u00f6chte die Sonnenseite Bonns auch nie verlassen. Ich liebe meine Heimat, mein Beuel und f\u00fcr mich ist es selbstverst\u00e4ndlich, dass wir hier alle von klein auf karnevalistisch gepr\u00e4gt werden. Als M\u00e4dchen aus dem LiK\u00fc-Ra-Staat haben meine Eltern schon fr\u00fch daf\u00fcr gesorgt, dass ich am heimischen Karneval teilnehme. Mein Herz schl\u00e4gt also schon seit vielen Jahren f\u00fcr unseren Beueler Fastelovend. Magisch angezogen haben mich als Kind schon die Prinzessinnen und Prinzenpaare, die ich \u2013 noch ganz klein \u2013 f\u00fcr echt hielt. Der Aufzug der Tollit\u00e4ten l\u00f6ste in mir immer einen Zauber und gro\u00dfe Faszination aus. Kein Wunder, dass ich mir immer gew\u00fcnscht habe, einmal selbst Prinzessin zu sein. Und nun bin ich es! Meine ersten eigenen aktiven Erfahrungen sammelte ich als Tanzmariechen im Kindercorps der LiK\u00fcRa-Ehrengarde. Meine Eltern waren in dem Verein selbst sehr aktiv und mein Vater unterst\u00fctzt die Ehrengarde auch heute noch mit seinem K\u00f6nnen. Auch an meinem Bruder ist der rheinische Brauch nicht spurlos vorbeigezogen. Er ist Schlagzeuger bei Querbeat und zieht mit viel Freude durch die S\u00e4le. Ich bin aktives Mitglied im Damenkomitee St. Josef, welches mich auch in der Session begleiten wird. Dort gibt es viele M\u00f6glichkeiten, mich einzubringen, egal ob bei Vorf\u00fchrungen f\u00fcr die eigene Sitzung oder beim Basteln neuer Kost\u00fcme. Ich habe dort mein karnevalistisches zuhause gefunden, und ich freue mich sehr, die jecken Wiever an meiner Seite zu haben. <\/p>\n\n\n\n<p><\/p>\n\n\n\n<p><strong>Nun sind seit deinem Text f\u00fcr die vergangene Session gute 14 Monate an dir vorbei gezogen. Erz\u00e4hl uns, wie sich dein Wunsch, W\u00e4scherprinzessin zu werden, entwickelt hat:<\/strong><\/p>\n\n\n\n<p>Ich glaube, viele Beueler M\u00e4dchen tr\u00e4umen davon, einmal selbst W\u00e4scherprinzessin sein zu d\u00fcrfen. So war es auch bei mir. Als ich in der Session 2016 die M\u00f6glichkeit hatte, das LiK\u00fcRa-Kinderprinzenpaar Julian II. und Lana I. zu begleiten und den Karneval noch mal von einer f\u00fcr mich neuen Seite kennenlernen durfte, r\u00fcckte der Wunsch, einmal selbst Repr\u00e4sentantin zu sein, deutlich in den Vordergrund. Die Zeit mit den Kindern hat unglaublich viel Freude bereitet und wird mir immer in Erinnerung bleiben. Die vielen tollen Momente, die ich als W\u00e4scherin mit Franzi und Linda erleben durfte, die Begeisterung der Leute und besonders das Strahlen der Kinder haben alle Zweifel aus dem Weg ger\u00e4umt und mir war klar, es gibt kein Zur\u00fcck mehr: <\/p>\n\n\n\n<p>ICH M\u00d6CHTE W\u00c4SCHERPRINZESSIN WERDEN!<\/p>\n\n\n\n<p>Dass ich es in dieser Session geworden bin, war f\u00fcr mich eine riesen \u00dcberraschung und ich danke dem Wahlgremium f\u00fcr die einmalige Chance, die Beueler Weiberfastnacht als W\u00e4scherprinzessin repr\u00e4sentieren zu d\u00fcrfen. Dieses traditionsreiche Brauchtum zu vertreten, ist mir besonders wichtig, weil der Karneval uns Menschen gut tut und uns verbindet. Ich werde mein Bestes geben, die Marke BEUELER WEIBERFASTNACHT auch \u00fcber die Stadtgrenze hinaus pr\u00e4sent zu machen. Als W\u00e4scherprinzessin m\u00f6chte ich es mir zur Chefsache machen, all diejenigen, die den Jecken in sich noch nicht entdeckt haben, f\u00fcr unsere Beueler Mission zu gewinnen. Die Geschichte der Waschfrauen von 1824 ist bewegend und pr\u00e4gt die Wiege des Wievefastelovends bis heute. Ich freue mich, die sch\u00f6ne Tradition lebendig zu halten, und bitte Euch, mit mir gemeinsam viele Menschen mit dem Karnevalsbazillus zu in zieren und zum Mitmachen zu bewegen.<\/p>\n\n\n\n<p><\/p>\n\n\n\n<p><strong>Du wirst ja von zwei h\u00fcbschen W\u00e4scherinnen begleitet und ihr werdet als &#8222;sportliches Trio&#8220; durch die S\u00e4le ziehen. Wie w\u00e4hlt man seine Begleitung eigentlich?<\/strong><\/p>\n\n\n\n<p>Die W\u00e4scherinnen zu w\u00e4hlen ist eine der ersten und f\u00fcr mich auch eine sehr wichtige Aufgabe, die einen als frisch gew\u00e4hlte \u201enoch net, \u00e4vver dann\u201c W\u00e4scherprinzessin erwartet. In Beuel ist es so, dass die W\u00e4scherinnen erst einmal bei der Oberm\u00f6hn eine Bewerbung abgeben. Nach der Wahl der neuen W\u00e4scherprinzessin endet eine Vorstellungsrunde der Bewerberinnen als W\u00e4scherin statt. So hat die Prinzessin auch die M\u00f6glichkeit, die Interessentinnen pers\u00f6nlich kennenzulernen. Das ist sehr wichtig; die Chemie muss von Anfang an stimmen, denn wir verbringen sehr viel Zeit miteinander. Im Anschluss an die Vorstellungsrunde werden im engen Kreis die gewonnenen Eindr\u00fccke ausgetauscht und gemeinsam \u00fcberlegt, wer am besten in das Team der W\u00e4scherprinzessin passt. Anders als in einem beruflichen Bewerbungsverfahren muss man dabei aber auch ein bisschen auf das Bauchgef\u00fchl achten. Mir ist die Wahl wirklich nicht leicht gefallen, da alle M\u00e4dchen unglaublich nett waren. Am Ende musste ich mich jedoch entscheiden und ich bin froh, mit Katrin und Lisa zwei so zuverl\u00e4ssige und treue Begleiterinnen zu haben.<\/p>\n\n\n\n<p>Wir haben die Monate bis zur Session genutzt, um uns n\u00e4her kennenzulernen, indem wir Konzerte besuchten und viele sch\u00f6ne Abende gemeinsam verbracht haben. Das hat uns fest zusammengeschwei\u00dft und ich bin sicher, wir werden gemeinsam eine tolle Zeit erleben und auch nach der Session gute Freundinnen bleiben.<\/p>\n\n\n\n<p><\/p>\n\n\n\n<p><strong>Hand auf\u2018s Herz: Deine Session wird durch das Jubil\u00e4um der franz\u00f6sischen Partnerschaft gepr\u00e4gt sein, was man an deinem Motto &#8222;3x Alaaf und bonjour, Beuel is jeck met Mirecourt&#8220; sieht. Sprichst du auch Franz\u00f6sisch und ist es f\u00fcr Dich etwas Besonderes in diesem Jubil\u00e4umsjahr zu regieren?<\/strong><\/p>\n\n\n\n<p>Die Freundschaft zwischen den beiden St\u00e4dten besteht seit nunmehr 50 Jahren. Ich sehe darin ein besonders wichtiges Jubil\u00e4um f\u00fcr uns Beueler, das meine Session charakterisieren wird. So habe ich die Aufgabe, die Jumelage zwischen Beuel und Mirecourt karnevalistisch als \u201egelebte\u201c Freundschaft hervorzuheben und das ist mir eine gro\u00dfe Ehre. Freundschaften fallen nicht vom Himmel. Damit eine Freundschaft entstehen kann und sich seit 50 Jahren bew\u00e4hrt, muss man sich einbringen, aktiv sein und sich stets um den anderen bem\u00fchen. Das ist uns gelungen und stellt hoffentlich f\u00fcr jeden Beueler und jede Beuelerin einen gro\u00dfen Mehrwert dar. Leider spreche ich kein Franz\u00f6sisch. Ich hatte Latein, Englisch und Spanisch und muss hier aber zugeben, dass ich in meiner schulischen Laufbahn immer mehr naturwissenschaftlich interessiert war. So habe ich mich in der 8ten Klasse an der Liebfrauenschule gegen Franz\u00f6sisch als dritte Fremdsprache entschieden. Stattdessen w\u00e4hlte ich das durch Biologie und Chemie gepr\u00e4gte Fach Ern\u00e4hrungslehre. Heute w\u00fcrde ich wahrscheinlich anders w\u00e4hlen. Denn ich habe begriffen, wie wichtig es ist, die Sprache des Nachbarlandes zu verstehen. \u00dcber den Tennissport konnte ich als Teenagerin am deutsch-franz\u00f6sischen Austausch teilnehmen. Neben vielen kulturellen und sportlichen Highlights, die zu vielen interessanten Begegnungen f\u00fchrten, haben wir gerade \u00fcber die sportliche Ebene schnell einen Draht zueinander gefunden. Trotz sprachlicher Barrieren kamen witzige Matches zustande. Das war wirklich cool! Auch im letzten Jahr bei der \u201e Delegation Mirecourt\u201c hatte ich als W\u00e4scherin von Franzi I. viel Spa\u00df mit unseren franz\u00f6sischen Freunden.<\/p>\n\n\n\n<p> Als W\u00e4scherprinzessin in diesem Jubil\u00e4umsjahr bin sehr stolz darauf, die Freundschaft zu Mirecourt durch mein Motto in das richtige Rampenlicht stellen zu k\u00f6nnen und w\u00fcrde mir w\u00fcnschen, dass wir mit unserem Beueler Wievefastelovend einen wertvollen kulturellen Beitrag des rheinischen Frohsinns zur Jumelage Beuel-Mirecourt beitragen.<\/p>\n\n\n\n<p><\/p>\n\n\n\n<p><strong>Mit Deiner Proklamation als W\u00e4scherprinzessin Ariane I. geht Deine Session nun endlich los, hast Du noch etwas, was Du allen Jecken sagen m\u00f6chtest?<\/strong><\/p>\n\n\n\n<p>Liebe Freunde und F\u00f6rderer der Beueler Weiberfastnacht, liebe Freunde aus unserer Partnerstadt Mirecourt, liebe Mitglieder des Damenkomitees St. Josef, leev Jecke von Nah und Fern, heute ist es soweit: Heute werde ich proklamiert als W\u00e4scherprinzessin Ariane I.. Von dem Modus \u201enoch net \u00e4vver dann\u201c wechsele ich heute um auf mein Amt als W\u00e4scherprinzessin von Beuel, das ich von Herzen gerne \u00fcbernehme und mit aller Kraft auf allen Ebenen &#8211; lokal, regional und grenz\u00fcberschreitend &#8211; repr\u00e4sentieren m\u00f6chte. Karneval ist mehr als nur \u201ejeck\u201c sein. Karneval hei\u00dft f\u00fcr mich in erster Linie: Zusammenstehen, Freude teilen und Freundschaften kn\u00fcpfen. Und ich bin stolz, als Repr\u00e4sentantin diese Werte \u00fcberall besonders hervorheben zu k\u00f6nnen, die auch unsere Freundschaft zur Partnerstadt Mirecourt seit 50 Jahren manifestiert.<\/p>\n\n\n\n<p>Was macht eine erfolgreiche W\u00e4scherprinzessin aus? Die Frage ist leicht zu beantworten: Der Erfolg h\u00e4ngt von der Mitarbeit und Unterst\u00fctzung aller ab. Der Rathaussturm steht in vier Wochen nicht einfach vor der T\u00fcr und auch die Session \u00fcberrollt uns nicht pl\u00f6tzlich aus dem Nichts. Nein, es steckt ein ganzes Jahr harte Arbeit vieler flei\u00dfiger H\u00e4nde, vieler Kreativen und das Engagement zahlreicher Damenkomitees, die sich um die Fortsetzung und Weitergabe unserer Tradition der Beueler Weiberfastnacht Jahr f\u00fcr Jahr einsetzen. Ich z\u00e4hle auf Euch, um einen farbenfrohen Karneval pr\u00e4sentieren zu k\u00f6nnen, der seinesgleichen sucht. Ich danke Euch f\u00fcr Euren Flei\u00df, Eure M\u00fche, f\u00fcr die vielen Ideen, mit denen Ihr meiner Session den passenden Rahmen verleiht und mich als Prinzessin strahlen lasst. Bitte seid dabei und s\u00e4umt die Stra\u00dfen, kost\u00fcmiert Euch mit viel Liebe und Herz, wenn wir Beueler Wiever uns an Weiberfastnacht aufmachen, um uns das Rathaus zu holen. <\/p>\n\n\n\n<p>Allen Jecken m\u00f6chte ich auf diesem Wege viel Freude in der Session w\u00fcnschen. Lasst uns zusammen ein tolles Ding drehen, das Rathaus leer fegen bzw. von den Rathausverteidigern befreien und die Geschicke unseres Stadtteils in die H\u00e4nde der Beueler Wiever legen, zumindest bis Aschermittwoch! Und jetzt wird gefeiert!<\/p>\n\n\n\n<p>Auf die Freundschaft zu Mirecourt, auf die Freundschaft unter den Damenkomitees, auf die Freundschaft, die Ihr mir erweist.<\/p>\n\n\n\n<p><\/p>\n\n\n\n<h2 class=\"wp-block-heading\">Zum Abschluss Ihrer Session schieb Ariane:<\/h2>\n\n\n\n<p><strong>Res\u00fcmee \u00fcber eine sch\u00f6ne Zeit, die unvergessen bleibt: Meine Regentschaft als Ariane I. im Kosmos der Sterne <\/strong><\/p>\n\n\n\n<p>Nicht nur Tr\u00e4gerraketen (Ariane I \u2013 VI) sind den Sternen nah. Als W\u00e4scherprinzessin Ariane I. waren die Sterne auch f\u00fcr mich zum Greifen nah und haben mich in meiner Session unter dem Motto \u201e3 x Alaaf und Bonjour, Beuel is jeck met Mirecourt\u201c strahlen lassen. Wer 13 Sterne vom karnevalistischen Himmel holen muss, um das Rathaus an Weiberfastnacht kampflos besetzen zu k\u00f6nnen, wei\u00df um den Zauber und Glanz der karnevalistischen Sterne. Funken der Freude und den Esprit der Beueler Wiever in die Welt verspr\u00fchen &#8211; dieser Mission sah ich mich als W\u00e4scherprinzessin Ariane I verpflichtet. Als 60. Regentin der Beueler Weiberfastnacht f\u00fchlte ich mich wie auf Wolke 7 bei meinem himmlischen Flug von Stern zu Stern. Wundersch\u00f6ne Veranstaltungen taten sich wie Galaxien auf und warteten mit neuen Herausforderungen und tollen Menschen auf mich.<\/p>\n\n\n\n<p>In der kurzen Zeit meiner Regentschaft von knapp 4 Wochen blieb keine Zeit f\u00fcr H\u00f6henfl\u00fcge im Kosmos der Beueler Weiberfastnacht. Mit hohem Tempo musste ich uns die Sterne vom Himmel holen und meinen Auftrag erf\u00fcllen.<\/p>\n\n\n\n<p>Bei meinem Fotoshooting auf dem Kirchturm von Sankt Josef \u00fcbte ich die ersten Gehversuche Richtung Sternenhimmel. Im Ornat war es gar nicht so einfach, die engen Treppen und die steilen Leitern im Glockenhaus der Kirche zu passieren. Oberm\u00f6hn Ina Harder hat nach den ersten paar Metern bereits passen m\u00fcssen, da es ihr schwindelig wurde. F\u00fcr meine W\u00e4scherinnen und mich hatte sich die M\u00fche und das Durchhalteverm\u00f6gen aber sehr gelohnt: Wir waren den Sternen \u00fcber Beuel n\u00e4her gekommen und konnten vom Kirchturm aus einen herrlichen Blick auf unser sch\u00f6nes Beuel genie\u00dfen.<\/p>\n\n\n\n<p>Der 11.11. fiel auf einen Sonntag und Petrus war allen Tollit\u00e4ten und dem n\u00e4rrischen Volk wohlgesonnen, denn das Wetter hielt sich. Ein sch\u00f6ner Auftakt, wie er besser kaum sein konnte, denn die Beueler Wiever haben den Bonner Marktplatz dominiert und ihrer Gallions gur damit ihren R\u00fcckhalt gegeben. Viele bunte Ballons und Transparente mit meinem Namen f\u00fcllten den Marktplatz horizontal und vertikal aus, ein wirklich sch\u00f6ner Anblick f\u00fcr mich und meine W\u00e4scherinnen.<\/p>\n\n\n\n<p>Am 1. Februar&nbsp;fiel dann endlich der Startschuss in die Session und ich konnte meinen Feldzug Richtung Rathaus antreten: Musste ich anf\u00e4nglich auf meiner Proklamation unsere Stadtobrigkeit mit k\u00f6stlichen Chemiekeulen in Versuchung f\u00fchren, so war dann doch schnell klar, dass mein Ziel, das Beueler Rathaus zu holen \u2013 auch ohne Blick in die Sterne &#8211; leicht und \u201eSternen\u201c-klar zu erreichen war. <\/p>\n\n\n\n<p>Die Sternenjagd begann mit meiner Proklamation, an der ich bereits den ersten Stern ergattern konnte. Alle weiteren Sterne warteten auf mich bei den vielen Veranstaltungen, bei denen ich Eure Ideen und Eure Kreativit\u00e4t sch\u00e4tzen gelernt habe: Ihr habt Euch tolle Dinge f\u00fcr mich ausgedacht. Das war einfach wundersch\u00f6n. Jeder Auftritt wurde dadurch erst so richtig spannend f\u00fcr mich. Spontanit\u00e4t und gute \u201eReturns\u201c waren gefordert. Das hat mir sehr, sehr gro\u00dfen Spa\u00df gemacht. Ich wurde sogar stolze Besitzerin eines echten Sterns. Die Urkunde des Besitzes h\u00e4ngt gerahmt in meinem Zimmer. Nicht jeder Versuch, den Sternen n\u00e4her zu kommen, gl\u00fcckte uns. So schw\u00e4chelten meine W\u00e4scherinnen ein wenig, als uns die Feuerwehr auf ihrer Leiter ganz nach oben fuhr. Ich glaube, unsere Schreie, eine Mischung aus H\u00f6henangst und absoluter Begeisterung, hat ganz Beuel geh\u00f6rt. Wir werden dieses Erlebnis nie vergessen!<\/p>\n\n\n\n<p>Viele Damenkomitees, Vereine, Freunde und Bekannte machten Ihre Aufwartung an meinem Empfang im Beueler Rathaus, der zwei Tage nach meiner Proklamation stattfand. Da die Beueler Stadtsoldaten an dem Tag in W\u00fcrzburg weilten, \u00fcbernahmen die Musikfreunde Roisdorf e.V. die musikalische Gestaltung des Empfangs. Die Musikfreunde Roisdorf wurden von meinem Gro\u00dfvater, Helmut Reuter, einst mitbegr\u00fcndet, womit ein sch\u00f6ner Bezug zu meiner Familie hergestellt war. Mein Papa hat mich zum ersten Tanz aufgefordert und mein Damenkomitee hat alle musikalischen Darbietungen gesanglich bis zum Schluss begleitet, wodurch nochmal eine ganz besondere Atmosph\u00e4re entstand. Die Beueler Stadtsoldaten holten ihr Vers\u00e4umnis vom Empfang nach und empfangen mich in ihrem Zeughaus. Dort luden sie mich ein, ihren Auftritt in Rheinbach zu begleiten. Schon im Bus hatten wir jede Menge Spa\u00df. Vielen Dank f\u00fcr die lustige Exkursion in den linksrheinischen Karneval. Dann lie\u00dfen mich die Beueler Stadtsoldaten am LiK\u00fcRa-Zug als erste W\u00e4scherprinzessin einen Kanonenschuss vom \u201ekleenen Pitter\u201c abfeuern. Eine gro\u00dfe Ehre f\u00fcr mich, dass Ihr mir die Waffengewalt in die H\u00e4nde gelegt habt! Auf meiner Mission unsere Freude und unser Brauchtum in die Welt zu verspr\u00fchen wurde ich tatkr\u00e4ftig von Kinderw\u00e4scherprinzessin Emma I. und Schiffer Lenn unterst\u00fctzt. Die Beiden habe ich auf vielen Veranstaltungen \u2013 meist in den Kinderg\u00e4rten \u2013 angetroffen und sie sind mir von Mal zu Mal mehr ans Herz gewachsen. Schiffer Lenn hat sich stets um die Belange seiner bezaubernden Prinzessin gek\u00fcmmert &#8211; grandios. Da h\u00e4tte man neidisch werden k\u00f6nnen. Er hat die Spielregeln der Beueler Wiever jetzt schon verstanden und wei\u00df, wer in Beuel das Sagen hat. Da kann ich nur sagen: Chapeau!<\/p>\n\n\n\n<p><strong>Wenn Sterne am Himmel funkeln \u2026<\/strong><\/p>\n\n\n\n<p>Meine Regentschaft viel zusammen mit dem Jubili\u00e4umsjahr unserer 50-j\u00e4hrigen partnerst\u00e4dtischen Verbindung zu Mirecourt. Mit Mirecourt gelingt eine au\u00dfergew\u00f6hnliche Freundschaftsbeziehung seit 50 Jahren, die ihresgleichen sucht. Es galt aber nicht nur die Freundschaft zu unseren Freunden in Mirecourt zu w\u00fcrdigen, sondern auch die Freundschaft, die uns mit allen Vereinen, F\u00f6rderern und begeisterten Anh\u00e4ngern verbindet und unsere Beueler Weiberfastnacht pr\u00e4gt. Somit war meine Session eine \u201eSession der Freundschaft\u201c und stand unter einem besonders guten Stern, dem Stern der Freundschaft. Der hellste Stern von allen war jedoch der Stern, der \u00fcber Weiberfastnacht wachte. Der gro\u00dfe Tag, auf den meine beiden W\u00e4scherinnen und ich uns seit Wochen gefreut haben. Unser Strahlen h\u00e4tte an diesem Tag nicht gr\u00f6\u00dfer sein k\u00f6nnen, denn die Sonne strahlte mit uns um die Wette. So kamen wir auf unserem wundersch\u00f6nen Wagen \u201eHannes\u201c, bei sommerlichen 18\u00b0C, ganz sch\u00f6n ins Schwitzen. Aber, was spielt das f\u00fcr eine Rolle, wenn einen tausende Kinderaugen anstrahlen und alle Beueler Jecken mit einem feiern und sich mit uns freuen. Die Frage um das Beueler Rathaus lie\u00df sich auch ohne die Hilfe s\u00e4mtlicher Chemie-Keulen recht einfach kl\u00e4ren. Tja, manchmal beinhalten Geschenke doch mehr \u00dcberraschungen, als man denkt. Die Rathausverteidiger schienen jedenfalls sehr \u00fcberrascht zu sein, dass eine ganze Prinzessin in eine Glocke passte. <\/p>\n\n\n\n<p>Gl\u00fccklich, den hei\u00dfbegehrten Schl\u00fcssel nun endlich in den H\u00e4nden zu halten, feierten wir diesen besonderen Tag geb\u00fchrend und wurden dabei von Oberb\u00fcrgermeister Ashok Sridharan begleitet. So sch\u00f6n der Stra\u00dfenkarneval auch ist, so leitete er doch die letzte Woche ein, bis Aschermittwoch meine Reise durch den Kosmos der Beueler Weiberfastnacht ein Ende nahm. Veilchendienstag wurden uns Dreien die H\u00e4ubchen in meiner Hofburg, der Rheinbr\u00fccke, bei unserer Oberm\u00f6hn Ina gerupft. Ja, das ein oder andere Tr\u00e4nchen wurde dabei verdr\u00fcckt, aber es war dennoch ein sch\u00f6ner letzter Abend im Kreise aller, die uns begleitet und unterst\u00fctzt haben. Nun blicken wir auf eine unvergessliche Zeit zur\u00fcck, die uns mit viel Freude erf\u00fcllt hat. Heute tut sich der Sternenhimmel wieder auf. Er h\u00e4ngt diesmal voller Geigen und h\u00e4lt f\u00fcr uns eine Sternschnuppe bereit, die uns wie die unz\u00e4hligen Lichter von P\u00fctzchens Markt verzaubern und ihre Funken in Beethovens Jubil\u00e4umsjahr verspr\u00fchen wird.<\/p>\n\n\n\n<p>Ich sage Euch jetzt Danke! Ihr alle habt mich wie eine echte Prinzessin getragen, mir viel Freude bereitet und mich reich beschenkt. Ganz besonderer Dank gilt meinen W\u00e4scherinnen, die ich sehr lieb gewonnen habe, meinem gro\u00dfartigen Damenkomitee und der gesamten Equipe, die mich auf jedem Schritt begleitet und unterst\u00fctzt haben, und nat\u00fcrlich meiner Familie, ohne die das alles nicht m\u00f6glich gewesen w\u00e4re. Es hat mir gro\u00dfe Freude bereitet, Eure W\u00e4scherprinzessin unter dem \u201eStern der Freundschaft\u201c gewesen zu sein.<\/p>\n","protected":false},"excerpt":{"rendered":"<p>W\u00e4scherprinzessin der Session 2018\/2019 Ariane wurde zu ihrer Vorstellung im Sessionsheft 2019 interviewt: Liebe Ariane! Herzlichen Gl\u00fcckwunsch zu deiner diesj\u00e4hrigen Aufgabe im Karneval: Repr\u00e4sentantin der &hellip; <\/p>\n","protected":false},"author":1,"featured_media":0,"parent":134,"menu_order":1,"comment_status":"closed","ping_status":"closed","template":"","meta":{"footnotes":""},"class_list":["post-165","page","type-page","status-publish","hentry","latest_post"],"_links":{"self":[{"href":"http:\/\/dk-st-josef.de\/index.php?rest_route=\/wp\/v2\/pages\/165","targetHints":{"allow":["GET"]}}],"collection":[{"href":"http:\/\/dk-st-josef.de\/index.php?rest_route=\/wp\/v2\/pages"}],"about":[{"href":"http:\/\/dk-st-josef.de\/index.php?rest_route=\/wp\/v2\/types\/page"}],"author":[{"embeddable":true,"href":"http:\/\/dk-st-josef.de\/index.php?rest_route=\/wp\/v2\/users\/1"}],"replies":[{"embeddable":true,"href":"http:\/\/dk-st-josef.de\/index.php?rest_route=%2Fwp%2Fv2%2Fcomments&post=165"}],"version-history":[{"count":14,"href":"http:\/\/dk-st-josef.de\/index.php?rest_route=\/wp\/v2\/pages\/165\/revisions"}],"predecessor-version":[{"id":1142,"href":"http:\/\/dk-st-josef.de\/index.php?rest_route=\/wp\/v2\/pages\/165\/revisions\/1142"}],"up":[{"embeddable":true,"href":"http:\/\/dk-st-josef.de\/index.php?rest_route=\/wp\/v2\/pages\/134"}],"wp:attachment":[{"href":"http:\/\/dk-st-josef.de\/index.php?rest_route=%2Fwp%2Fv2%2Fmedia&parent=165"}],"curies":[{"name":"wp","href":"https:\/\/api.w.org\/{rel}","templated":true}]}}