{"id":151,"date":"2020-02-19T11:16:32","date_gmt":"2020-02-19T10:16:32","guid":{"rendered":"http:\/\/dk-st-josef.de\/?page_id=151"},"modified":"2025-01-10T18:24:25","modified_gmt":"2025-01-10T17:24:25","slug":"damenkomitee-st-josef","status":"publish","type":"page","link":"http:\/\/dk-st-josef.de\/?page_id=151","title":{"rendered":"Das Damenkomitee St. Josef"},"content":{"rendered":"\n<figure class=\"wp-block-image size-large\"><img loading=\"lazy\" decoding=\"async\" width=\"848\" height=\"480\" src=\"http:\/\/dk-st-josef.de\/wp-content\/uploads\/2020\/02\/D86215E9-EF0C-42FF-80FF-2B7702626266_1_102_o.jpeg\" alt=\"\" class=\"wp-image-77\" srcset=\"http:\/\/dk-st-josef.de\/wp-content\/uploads\/2020\/02\/D86215E9-EF0C-42FF-80FF-2B7702626266_1_102_o.jpeg 848w, http:\/\/dk-st-josef.de\/wp-content\/uploads\/2020\/02\/D86215E9-EF0C-42FF-80FF-2B7702626266_1_102_o-300x170.jpeg 300w, http:\/\/dk-st-josef.de\/wp-content\/uploads\/2020\/02\/D86215E9-EF0C-42FF-80FF-2B7702626266_1_102_o-768x435.jpeg 768w, http:\/\/dk-st-josef.de\/wp-content\/uploads\/2020\/02\/D86215E9-EF0C-42FF-80FF-2B7702626266_1_102_o-106x60.jpeg 106w\" sizes=\"auto, (max-width: 848px) 100vw, 848px\" \/><\/figure>\n\n\n\n<p class=\"has-drop-cap\">Das Damenkomitee der Katholischen Frauengemeinschaft St. Josef (DK St. Josef) zeichnet sich durch sein generationen-\u00fcbergreifendes Miteinander und Engagement f\u00fcr die Beueler Weiberfastnacht aus. <\/p>\n\n\n\n<p><strong>Regelm\u00e4\u00dfige Termine im Jahreskreislauf sind: <\/strong><\/p>\n\n\n\n<ul class=\"wp-block-list\">\n<li>Beteiligung am Programm der Proklamation, <\/li>\n<\/ul>\n\n\n\n<ul class=\"wp-block-list\">\n<li>Vorbereitung der Familienmesse zu Karneval in St. Josef, <\/li>\n<\/ul>\n\n\n\n<ul class=\"wp-block-list\">\n<li>Karnevalistisches Mitsing-Orgelkonzert am Sonntag vor Weiberfastnacht, seit 2018,<\/li>\n<\/ul>\n\n\n\n<ul class=\"wp-block-list\">\n<li>Wagen und Fu\u00dfgruppe im Weiberfastnachtszug, <\/li>\n<\/ul>\n\n\n\n<ul class=\"wp-block-list\">\n<li>Frauensitzung an Karnevalssamstag, <\/li>\n<\/ul>\n\n\n\n<ul class=\"wp-block-list\">\n<li>Kinderkost\u00fcmfest im Pfarrheim St. Josef an Karnevalsdienstag, bis 2018,<\/li>\n<\/ul>\n\n\n\n<ul class=\"wp-block-list\">\n<li>Dankesch\u00f6n-Sommerfest f\u00fcr Helfer*innen und Familien des DK St. Josef, <\/li>\n<\/ul>\n\n\n\n<ul class=\"wp-block-list\">\n<li>DK-Ausflug, <\/li>\n<\/ul>\n\n\n\n<ul class=\"wp-block-list\">\n<li>Teilnahme am Er\u00f6ffnungsumzug P\u00fctzchens Markt.&nbsp;<\/li>\n<\/ul>\n\n\n\n<p>Wir sind fest verankert in der Katholischen Frauengemeinschaft St. Josef und Paulus (kfd) und sozusagen die \u201e<strong>Karnevalsabteilung<\/strong>\u201c der kfd.&nbsp;<\/p>\n\n\n<div class=\"wp-block-image\">\n<figure class=\"aligncenter size-large is-resized\"><img loading=\"lazy\" decoding=\"async\" src=\"http:\/\/dk-st-josef.de\/wp-content\/uploads\/2020\/10\/Wp-Fahne-2020-V5-410x1024.jpg\" alt=\"\" class=\"wp-image-546\" width=\"214\" height=\"533\" srcset=\"http:\/\/dk-st-josef.de\/wp-content\/uploads\/2020\/10\/Wp-Fahne-2020-V5-410x1024.jpg 410w, http:\/\/dk-st-josef.de\/wp-content\/uploads\/2020\/10\/Wp-Fahne-2020-V5-120x300.jpg 120w, http:\/\/dk-st-josef.de\/wp-content\/uploads\/2020\/10\/Wp-Fahne-2020-V5-615x1536.jpg 615w, http:\/\/dk-st-josef.de\/wp-content\/uploads\/2020\/10\/Wp-Fahne-2020-V5-24x60.jpg 24w\" sizes=\"auto, (max-width: 214px) 100vw, 214px\" \/><figcaption class=\"wp-element-caption\"><mark style=\"background-color:rgba(0, 0, 0, 0)\" class=\"has-inline-color has-vivid-red-color\"><sup>Banner an den Kirchturmseiten zur Begr\u00fc\u00dfung der WP in der Pfarrei<\/sup><\/mark><\/figcaption><\/figure>\n<\/div>\n\n\n<p><\/p>\n","protected":false},"excerpt":{"rendered":"<p>Das Damenkomitee der Katholischen Frauengemeinschaft St. Josef (DK St. Josef) zeichnet sich durch sein generationen-\u00fcbergreifendes Miteinander und Engagement f\u00fcr die Beueler Weiberfastnacht aus. Regelm\u00e4\u00dfige Termine &hellip; <\/p>\n","protected":false},"author":1,"featured_media":0,"parent":0,"menu_order":3,"comment_status":"closed","ping_status":"closed","template":"","meta":{"footnotes":""},"class_list":["post-151","page","type-page","status-publish","hentry","latest_post"],"_links":{"self":[{"href":"http:\/\/dk-st-josef.de\/index.php?rest_route=\/wp\/v2\/pages\/151","targetHints":{"allow":["GET"]}}],"collection":[{"href":"http:\/\/dk-st-josef.de\/index.php?rest_route=\/wp\/v2\/pages"}],"about":[{"href":"http:\/\/dk-st-josef.de\/index.php?rest_route=\/wp\/v2\/types\/page"}],"author":[{"embeddable":true,"href":"http:\/\/dk-st-josef.de\/index.php?rest_route=\/wp\/v2\/users\/1"}],"replies":[{"embeddable":true,"href":"http:\/\/dk-st-josef.de\/index.php?rest_route=%2Fwp%2Fv2%2Fcomments&post=151"}],"version-history":[{"count":16,"href":"http:\/\/dk-st-josef.de\/index.php?rest_route=\/wp\/v2\/pages\/151\/revisions"}],"predecessor-version":[{"id":1178,"href":"http:\/\/dk-st-josef.de\/index.php?rest_route=\/wp\/v2\/pages\/151\/revisions\/1178"}],"wp:attachment":[{"href":"http:\/\/dk-st-josef.de\/index.php?rest_route=%2Fwp%2Fv2%2Fmedia&parent=151"}],"curies":[{"name":"wp","href":"https:\/\/api.w.org\/{rel}","templated":true}]}}