{"id":1249,"date":"2025-01-10T18:57:16","date_gmt":"2025-01-10T17:57:16","guid":{"rendered":"http:\/\/dk-st-josef.de\/?page_id=1249"},"modified":"2025-01-26T17:31:07","modified_gmt":"2025-01-26T16:31:07","slug":"puppensitzung-2025","status":"publish","type":"page","link":"http:\/\/dk-st-josef.de\/?page_id=1249","title":{"rendered":"Puppensitzung 2025"},"content":{"rendered":"\n<p>Endlich war es soweit!<\/p>\n\n\n<div class=\"wp-block-image\">\n<figure class=\"aligncenter size-large is-resized\"><img loading=\"lazy\" decoding=\"async\" width=\"1600\" height=\"899\" src=\"http:\/\/dk-st-josef.de\/wp-content\/uploads\/2025\/01\/WhatsApp-Bild-2025-01-26-um-17.21.12_3a4b643e-edited.jpg\" alt=\"\" class=\"wp-image-1271\" style=\"width:563px;height:auto\" srcset=\"http:\/\/dk-st-josef.de\/wp-content\/uploads\/2025\/01\/WhatsApp-Bild-2025-01-26-um-17.21.12_3a4b643e-edited.jpg 1600w, http:\/\/dk-st-josef.de\/wp-content\/uploads\/2025\/01\/WhatsApp-Bild-2025-01-26-um-17.21.12_3a4b643e-edited-300x169.jpg 300w, http:\/\/dk-st-josef.de\/wp-content\/uploads\/2025\/01\/WhatsApp-Bild-2025-01-26-um-17.21.12_3a4b643e-edited-1024x575.jpg 1024w, http:\/\/dk-st-josef.de\/wp-content\/uploads\/2025\/01\/WhatsApp-Bild-2025-01-26-um-17.21.12_3a4b643e-edited-768x432.jpg 768w, http:\/\/dk-st-josef.de\/wp-content\/uploads\/2025\/01\/WhatsApp-Bild-2025-01-26-um-17.21.12_3a4b643e-edited-1536x863.jpg 1536w, http:\/\/dk-st-josef.de\/wp-content\/uploads\/2025\/01\/WhatsApp-Bild-2025-01-26-um-17.21.12_3a4b643e-edited-107x60.jpg 107w\" sizes=\"auto, (max-width: 1600px) 100vw, 1600px\" \/><\/figure>\n<\/div>\n\n\n<p><\/p>\n\n\n\n<p>Am Freitag, dem 24.1.25 startete sie nach 25 Jahren wieder, im modernisierten Gewand:&nbsp; die Beueler Puppensitzung im Pfarrheim St. Josef unter dem Motto <strong>\u201eBeuel s\u00f6k d\u2019r Superjeck\u201c<\/strong>. K\u00fcnstler aus der ersten Reihe, wie die <strong>\u201eJeck F\u00f6\u00f6ss\u201c, \u201eCocol\u00f6res\u201c, die \u201eSuppenh\u00fchner\u201c, die Beueler W\u00e4scherprinzessin<\/strong> und viele andere gestalten als Puppen eine waschechte Karnevalssitzung. Die Puppen-W\u00e4scherprinzessin durfte an dem Abend nat\u00fcrlich auch die wahre <strong>W\u00e4scherprinzessin Lea I. <\/strong>an dem Abend begr\u00fc\u00dfen.<\/p>\n\n\n\n<p>Verantwortlich f\u00fcr die Puppensitzung war das <strong>Damenkomitee St Josef<\/strong>. Bei der Vorbereitung und Durchf\u00fchrung r\u00fcckten als K\u00fcnstler, B\u00fchnenbauer und Orga-Team sowohl Frauen aus dem Damenkomitee St. Josef als auch die M\u00e4nner vom <strong>Traditionscorps Rot Gold Beuel v. 2012<\/strong> und andere Mitwirkende aus Beuel zusammen. Echter handgemachter Fastelovend.<\/p>\n\n\n\n<p>Alleine 25 K\u00fcnstler*innen und 14 Personen mit der Zust\u00e4ndigkeit f\u00fcr Organisation, Material und Technik waren monatelang vorher und bei der Puppensitzung im Einsatz.&nbsp;<\/p>\n\n\n\n<p>Alle fieberten dem Aufbautag am Donnerstag entgegen, an dem eine Puppenb\u00fchne, Podeste, Beleuchtung und manch andere \u00dcberraschung aufgebaut wurden. So brauchte z.B. der Elferrat, bestehend aus den von den G\u00e4sten mitzubringenden kost\u00fcmierten Handpuppen, einen guten Platz und eine extra zuvor gebaute bewegliche Konstruktion, um als Jury die Auftretenden beurteilen zu k\u00f6nnen.<\/p>\n\n\n<div class=\"wp-block-image\">\n<figure class=\"aligncenter size-large is-resized\"><img loading=\"lazy\" decoding=\"async\" width=\"1598\" height=\"899\" src=\"http:\/\/dk-st-josef.de\/wp-content\/uploads\/2025\/01\/WhatsApp-Bild-2025-01-26-um-17.23.43_b005518f-edited-1.jpg\" alt=\"\" class=\"wp-image-1273\" style=\"width:590px;height:auto\" srcset=\"http:\/\/dk-st-josef.de\/wp-content\/uploads\/2025\/01\/WhatsApp-Bild-2025-01-26-um-17.23.43_b005518f-edited-1.jpg 1598w, http:\/\/dk-st-josef.de\/wp-content\/uploads\/2025\/01\/WhatsApp-Bild-2025-01-26-um-17.23.43_b005518f-edited-1-300x169.jpg 300w, http:\/\/dk-st-josef.de\/wp-content\/uploads\/2025\/01\/WhatsApp-Bild-2025-01-26-um-17.23.43_b005518f-edited-1-1024x576.jpg 1024w, http:\/\/dk-st-josef.de\/wp-content\/uploads\/2025\/01\/WhatsApp-Bild-2025-01-26-um-17.23.43_b005518f-edited-1-768x432.jpg 768w, http:\/\/dk-st-josef.de\/wp-content\/uploads\/2025\/01\/WhatsApp-Bild-2025-01-26-um-17.23.43_b005518f-edited-1-1536x864.jpg 1536w, http:\/\/dk-st-josef.de\/wp-content\/uploads\/2025\/01\/WhatsApp-Bild-2025-01-26-um-17.23.43_b005518f-edited-1-107x60.jpg 107w\" sizes=\"auto, (max-width: 1598px) 100vw, 1598px\" \/><\/figure>\n<\/div>\n\n\n<p><\/p>\n\n\n\n<p><strong>Reaktionen aus dem Publikum:<\/strong><\/p>\n\n\n\n<p><mark style=\"background-color:rgba(0, 0, 0, 0)\" class=\"has-inline-color has-vivid-red-color\">&#8222;Et jitt kei Wood dat ich sage k\u00fcnnt wat ich f\u00f6hl, wenn ich an jestern denk&#8230;Einfach nur: Danke! F\u00fcnf Stunden Kreativit\u00e4t Zusammenhalt Einsatz Freude&#8230; Tr\u00e4nen bei mir (M.)<\/mark><\/p>\n\n\n\n<p><mark style=\"background-color:rgba(0, 0, 0, 0)\" class=\"has-inline-color has-vivid-red-color\">Das Programm war ungew\u00f6hnlich und wir sind voller Bewunderung f\u00fcr die Menschen, die all die tollen Ideen, Mu\u00dfe und Zeit beigesteuert haben, um so etwas auf die Beine zu stellen! Ihr habt unsere Hochachtung und bekommt unseren Orden &#8222;denn der ist besonders und hei\u00dfbegehrt un immer och e B\u00fctzje wert!&#8220; U.+W.)<\/mark><\/p>\n\n\n\n<p><strong>Aus der Presse:<\/strong><\/p>\n\n\n\n<p><strong>Was f\u00fcr eine gro\u00dfartiges n\u00e4rrisches Specktakel war das denn! &#8230; <\/strong><\/p>\n\n\n\n<p>Damenkomitee l\u00e4sst die Puppen tanzen, das H\u00e4nneschen-Theater in K\u00f6ln kann einpacken: Die Puppen-sitzung im Pfarrsaal St. Josef in Beuel ist ein Knaller! &#8230;. (Sebastian Flick in GA.de vom 26.01.25)<\/p>\n\n\n<div class=\"wp-block-image\">\n<figure class=\"aligncenter size-large is-resized\"><img loading=\"lazy\" decoding=\"async\" width=\"1600\" height=\"899\" src=\"http:\/\/dk-st-josef.de\/wp-content\/uploads\/2025\/01\/WhatsApp-Bild-2025-01-26-um-17.22.35_c3a66a80-edited.jpg\" alt=\"\" class=\"wp-image-1269\" style=\"width:548px;height:auto\" srcset=\"http:\/\/dk-st-josef.de\/wp-content\/uploads\/2025\/01\/WhatsApp-Bild-2025-01-26-um-17.22.35_c3a66a80-edited.jpg 1600w, http:\/\/dk-st-josef.de\/wp-content\/uploads\/2025\/01\/WhatsApp-Bild-2025-01-26-um-17.22.35_c3a66a80-edited-300x169.jpg 300w, http:\/\/dk-st-josef.de\/wp-content\/uploads\/2025\/01\/WhatsApp-Bild-2025-01-26-um-17.22.35_c3a66a80-edited-1024x575.jpg 1024w, http:\/\/dk-st-josef.de\/wp-content\/uploads\/2025\/01\/WhatsApp-Bild-2025-01-26-um-17.22.35_c3a66a80-edited-768x432.jpg 768w, http:\/\/dk-st-josef.de\/wp-content\/uploads\/2025\/01\/WhatsApp-Bild-2025-01-26-um-17.22.35_c3a66a80-edited-1536x863.jpg 1536w, http:\/\/dk-st-josef.de\/wp-content\/uploads\/2025\/01\/WhatsApp-Bild-2025-01-26-um-17.22.35_c3a66a80-edited-107x60.jpg 107w\" sizes=\"auto, (max-width: 1600px) 100vw, 1600px\" \/><\/figure>\n<\/div>","protected":false},"excerpt":{"rendered":"<p>Endlich war es soweit! Am Freitag, dem 24.1.25 startete sie nach 25 Jahren wieder, im modernisierten Gewand:&nbsp; die Beueler Puppensitzung im Pfarrheim St. Josef unter &hellip; <\/p>\n","protected":false},"author":1,"featured_media":0,"parent":0,"menu_order":0,"comment_status":"closed","ping_status":"closed","template":"","meta":{"footnotes":""},"class_list":["post-1249","page","type-page","status-publish","hentry","latest_post"],"_links":{"self":[{"href":"http:\/\/dk-st-josef.de\/index.php?rest_route=\/wp\/v2\/pages\/1249","targetHints":{"allow":["GET"]}}],"collection":[{"href":"http:\/\/dk-st-josef.de\/index.php?rest_route=\/wp\/v2\/pages"}],"about":[{"href":"http:\/\/dk-st-josef.de\/index.php?rest_route=\/wp\/v2\/types\/page"}],"author":[{"embeddable":true,"href":"http:\/\/dk-st-josef.de\/index.php?rest_route=\/wp\/v2\/users\/1"}],"replies":[{"embeddable":true,"href":"http:\/\/dk-st-josef.de\/index.php?rest_route=%2Fwp%2Fv2%2Fcomments&post=1249"}],"version-history":[{"count":9,"href":"http:\/\/dk-st-josef.de\/index.php?rest_route=\/wp\/v2\/pages\/1249\/revisions"}],"predecessor-version":[{"id":1277,"href":"http:\/\/dk-st-josef.de\/index.php?rest_route=\/wp\/v2\/pages\/1249\/revisions\/1277"}],"wp:attachment":[{"href":"http:\/\/dk-st-josef.de\/index.php?rest_route=%2Fwp%2Fv2%2Fmedia&parent=1249"}],"curies":[{"name":"wp","href":"https:\/\/api.w.org\/{rel}","templated":true}]}}