{"id":1202,"date":"2025-01-10T16:40:32","date_gmt":"2025-01-10T15:40:32","guid":{"rendered":"http:\/\/dk-st-josef.de\/?page_id=1202"},"modified":"2025-01-15T16:20:01","modified_gmt":"2025-01-15T15:20:01","slug":"jubilaeumsjahr-2023","status":"publish","type":"page","link":"http:\/\/dk-st-josef.de\/?page_id=1202","title":{"rendered":"Jubil\u00e4umsjahr 2023"},"content":{"rendered":"\n<h2 class=\"wp-block-heading\">Damenkomitee St. Josef ist schon \u201e99 Jahre himmlisch jeck\u201c<\/h2>\n\n\n<div class=\"wp-block-image is-style-default\">\n<figure class=\"aligncenter is-resized\"><img loading=\"lazy\" decoding=\"async\" width=\"2869\" height=\"2611\" src=\"http:\/\/dk-st-josef.de\/wp-content\/uploads\/2023\/03\/99-Jahre-75x75-logo.png\" alt=\"\" class=\"wp-image-990\" style=\"width:370px;height:auto\" srcset=\"http:\/\/dk-st-josef.de\/wp-content\/uploads\/2023\/03\/99-Jahre-75x75-logo.png 2869w, http:\/\/dk-st-josef.de\/wp-content\/uploads\/2023\/03\/99-Jahre-75x75-logo-300x273.png 300w, http:\/\/dk-st-josef.de\/wp-content\/uploads\/2023\/03\/99-Jahre-75x75-logo-1024x932.png 1024w, http:\/\/dk-st-josef.de\/wp-content\/uploads\/2023\/03\/99-Jahre-75x75-logo-768x699.png 768w, http:\/\/dk-st-josef.de\/wp-content\/uploads\/2023\/03\/99-Jahre-75x75-logo-1536x1398.png 1536w, http:\/\/dk-st-josef.de\/wp-content\/uploads\/2023\/03\/99-Jahre-75x75-logo-2048x1864.png 2048w, http:\/\/dk-st-josef.de\/wp-content\/uploads\/2023\/03\/99-Jahre-75x75-logo-66x60.png 66w\" sizes=\"auto, (max-width: 2869px) 100vw, 2869px\" \/><\/figure>\n<\/div>\n\n\n<p>Unser Damenkomitee St. Josef feiert ein besonderes Jubil\u00e4um, denn vor 9 x 11 Jahren, im Jahre 1924 gab es den ersten Weiber-Kaffeeklatsch der Katholischen Frauen St. Josef an Weiberfastnacht. Diese Tradition konnte kontinuierlich fortgef\u00fchrt und ausgebaut werden. H\u00f6hepunkte waren dabei unsere Sessionen mit W\u00e4scherprinzessinnen aus unserem Komitee:<\/p>\n\n\n\n<ul class=\"wp-block-list\">\n<li><strong>1975 Sabine I. (Barz, geb. Thimm),<\/strong><\/li>\n\n\n\n<li><strong>2010 Lara I. (Mohn),<\/strong><\/li>\n\n\n\n<li><strong>2015 Susanne II. (Eyhoff),<\/strong><\/li>\n\n\n\n<li><strong>2019 Ariane I. (Clever).<\/strong><\/li>\n<\/ul>\n\n\n\n<p>Heute sind wir stolz auf das generationen\u00fcbergreifende Miteinander. Das Damenkomitee besteht aus 45 aktiven Frauen im Alter zwischen 18 und 94 Jahren.<\/p>\n\n\n<div class=\"wp-block-image\">\n<figure class=\"aligncenter is-resized\"><img loading=\"lazy\" decoding=\"async\" width=\"2560\" height=\"1936\" src=\"http:\/\/dk-st-josef.de\/wp-content\/uploads\/2023\/03\/Sommerfest-2022825-scaled.jpg\" alt=\"\" class=\"wp-image-996\" style=\"width:460px;height:auto\" srcset=\"http:\/\/dk-st-josef.de\/wp-content\/uploads\/2023\/03\/Sommerfest-2022825-scaled.jpg 2560w, http:\/\/dk-st-josef.de\/wp-content\/uploads\/2023\/03\/Sommerfest-2022825-300x227.jpg 300w, http:\/\/dk-st-josef.de\/wp-content\/uploads\/2023\/03\/Sommerfest-2022825-1024x775.jpg 1024w, http:\/\/dk-st-josef.de\/wp-content\/uploads\/2023\/03\/Sommerfest-2022825-768x581.jpg 768w, http:\/\/dk-st-josef.de\/wp-content\/uploads\/2023\/03\/Sommerfest-2022825-1536x1162.jpg 1536w, http:\/\/dk-st-josef.de\/wp-content\/uploads\/2023\/03\/Sommerfest-2022825-2048x1549.jpg 2048w, http:\/\/dk-st-josef.de\/wp-content\/uploads\/2023\/03\/Sommerfest-2022825-79x60.jpg 79w\" sizes=\"auto, (max-width: 2560px) 100vw, 2560px\" \/><\/figure>\n<\/div>\n\n\n<p>Es gibt 12 M\u00fctter-T\u00f6chter Paare, bei denen entweder erst die Mutter im Komitee war und die T\u00f6chter zogen nach oder sogar andersrum, wie vor vier Jahren, als die Nachwuchsm\u00e4dels ihre M\u00fctter geworben haben \u2013 sensationell.<\/p>\n\n\n\n<p>Wir geh\u00f6ren zur Kath. Frauengemeinschaft St. Josef \u2013 also kfd \u2013 und zeigen durch unsere Aktivit\u00e4ten, wie vielf\u00e4ltig kirchliches Engagement sein kann. Wir unterst\u00fctzen z.B. auch die kfd beim Nikolausmarkt, um den Erl\u00f6s f\u00fcr soziale Projekte zu gew\u00e4hrleisten.<\/p>\n\n\n\n<p>Vor allem m\u00f6chten wir Freude verbreiten \u2013 trotz oder gerade, weil so vill Driss um uns herum passiert. Und eins ist gewiss: Wir haben selbst ganz viel Spa\u00df dabei!<\/p>\n\n\n\n<p>F\u00fcr das Festjahr sind bis einschlie\u00dflich Oktober 2023 neben den \u00fcblichen jecken Terminen in den Karnevalswochen zus\u00e4tzliche Veranstaltungen geplant.<\/p>\n\n\n\n<p>Los ging es schon am 18.11.2022 im Pfarrheim St. Josef mit einem Mitsingabend in Kooperation mit dem Verein \u201eLoss mer singe Bonn\u201c. Das Damenkomitee hatte Freundinnen und Freunde zum Feiern eingeladen. Passend zum Jubil\u00e4umsmotto:\u201c99 Jahre himmlisch jeck\u201c durften Karnevalshits wie \u201eWenn am Himmel die St\u00e4\u00e4\u00e4ne danze\u201c oder \u201eDer liebe Gott wei\u00df, dass ich kein Engel bin\u201c nat\u00fcrlich nicht fehlen, als Gregor Kess den Saal beim Singen musikalisch begleitete. \u201eLoss mer singe\u201c sorgte mit dem notwendigen Know how f\u00fcr das beliebte Liederheft und der Vereinsvorsitzende Ralf Birkner f\u00fchrte unterhaltsam durch den Abend.<\/p>\n\n\n<div class=\"wp-block-image\">\n<figure class=\"aligncenter size-large is-resized\"><img loading=\"lazy\" decoding=\"async\" width=\"1024\" height=\"777\" src=\"http:\/\/dk-st-josef.de\/wp-content\/uploads\/2025\/01\/Mitsingen-2023-1024x777.jpg\" alt=\"\" class=\"wp-image-1206\" style=\"width:534px;height:auto\" srcset=\"http:\/\/dk-st-josef.de\/wp-content\/uploads\/2025\/01\/Mitsingen-2023-1024x777.jpg 1024w, http:\/\/dk-st-josef.de\/wp-content\/uploads\/2025\/01\/Mitsingen-2023-300x228.jpg 300w, http:\/\/dk-st-josef.de\/wp-content\/uploads\/2025\/01\/Mitsingen-2023-768x583.jpg 768w, http:\/\/dk-st-josef.de\/wp-content\/uploads\/2025\/01\/Mitsingen-2023-1536x1165.jpg 1536w, http:\/\/dk-st-josef.de\/wp-content\/uploads\/2025\/01\/Mitsingen-2023-79x60.jpg 79w, http:\/\/dk-st-josef.de\/wp-content\/uploads\/2025\/01\/Mitsingen-2023.jpg 1761w\" sizes=\"auto, (max-width: 1024px) 100vw, 1024px\" \/><\/figure>\n<\/div>\n\n\n<p>Weiter ging es am 15.1.2023 um 11:11 Uhr mit dem \u201e1. Beueler Weiberfr\u00fchschoppen\u201c f\u00fcr alle Frauen der Beueler Damenkomitees, frei nach dem Motto: \u201eSektchen trinken, Schw\u00e4tzchen halten, Sp\u00e4\u00dfchen haben!\u201c mit einem kleinen \u00dcberraschungsprogramm und viel Zeit zum Quatschen.<\/p>\n\n\n\n<p>Die Karnevalswoche begann f\u00fcr das Damenkomitee am Sonntag, 12.2.2023 um 17:00 mit dem beliebten Karnevalistischen Orgel-Mitsingkonzert in der Josefkirche mit Michael Bottenhorn an der Orgel.<\/p>\n\n\n\n<p>Im Weiberfastnachtszug huldigten wir unserem Jubil\u00e4umsmotto als himmlisch jecke W\u00f6lkchen. Daf\u00fcr blieben dieses Jahr unsere \u201ePferde\u201c (umgebaute Fahrr\u00e4der) mal im Stall. Durch die Unterst\u00fctzung unserer \u201ePr\u00e4sidenten\u201c, die von einigen Damenkomitee-M\u00e4nnern gegr\u00fcndete Spa\u00dfgruppe, war auch unser Wagen wieder im Einsatz und so konnten auch Fu\u00dfkranke mit dabei sein.<\/p>\n\n\n\n<p>Die Frauensitzung des Damenkomitees an Karnevalssamstag im Pfarrheim wurde durch besondere eigene Programmnummern gestaltet. Das M\u00e4nnerballet \u201eNit f\u00f6\u00f6hle, sons klatscht et \u201c durfte genauso wenig fehlen, wie eine Karnevalsband, diesmal \u201eJed\u00f6ns\u201c. Der Auftritt der W\u00e4scherprinzessin Lena I. war f\u00fcr uns ein ganz besonderer Moment, nicht zuletzt durch die W\u00e4scherin Judith (R\u00f6tten), \u00a0die aus unserem Damenkomitee kommt.<\/p>\n\n\n<div class=\"wp-block-image wp-duotone-unset-1\">\n<figure class=\"aligncenter size-large is-resized\"><img loading=\"lazy\" decoding=\"async\" width=\"1024\" height=\"590\" src=\"http:\/\/dk-st-josef.de\/wp-content\/uploads\/2025\/01\/Jubilaeum-Pantheon_Thermomix-Nummer-2023-1024x590.jpg\" alt=\"\" class=\"wp-image-1209\" style=\"width:561px;height:auto\" srcset=\"http:\/\/dk-st-josef.de\/wp-content\/uploads\/2025\/01\/Jubilaeum-Pantheon_Thermomix-Nummer-2023-1024x590.jpg 1024w, http:\/\/dk-st-josef.de\/wp-content\/uploads\/2025\/01\/Jubilaeum-Pantheon_Thermomix-Nummer-2023-300x173.jpg 300w, http:\/\/dk-st-josef.de\/wp-content\/uploads\/2025\/01\/Jubilaeum-Pantheon_Thermomix-Nummer-2023-768x443.jpg 768w, http:\/\/dk-st-josef.de\/wp-content\/uploads\/2025\/01\/Jubilaeum-Pantheon_Thermomix-Nummer-2023-330x190.jpg 330w, http:\/\/dk-st-josef.de\/wp-content\/uploads\/2025\/01\/Jubilaeum-Pantheon_Thermomix-Nummer-2023-104x60.jpg 104w, http:\/\/dk-st-josef.de\/wp-content\/uploads\/2025\/01\/Jubilaeum-Pantheon_Thermomix-Nummer-2023.jpg 1145w\" sizes=\"auto, (max-width: 1024px) 100vw, 1024px\" \/><figcaption class=\"wp-element-caption\"><strong>Unsere ThermoMix-Nummer<\/strong><\/figcaption><\/figure>\n<\/div>\n\n\n<p>Doch unser 99j\u00e4hriges Jubil\u00e4um wurde noch \u00fcber Karneval hinaus gefeiert. Am Freitag, dem 2.6.2023 lud das Damenkomitee zu einer gro\u00dfen Jubil\u00e4umsveranstaltung ins Pantheon ein. Zum Programm geh\u00f6rten bekannte Kr\u00e4fte des K\u00f6lner Karnevals sowie zwei sehr erfolgreiche Nummern des Damenkomitees. Durch den Abend f\u00fchrte die WDR \u2013 Moderatorin Yvonne Willicks.<\/p>\n\n\n<div class=\"wp-block-image\">\n<figure class=\"aligncenter size-large is-resized\"><img loading=\"lazy\" decoding=\"async\" width=\"1024\" height=\"683\" src=\"http:\/\/dk-st-josef.de\/wp-content\/uploads\/2025\/01\/Nachwuchs-als-Spicegirls-beim-Jubilaeum-im-Pantheon-2023-2-1024x683.jpg\" alt=\"\" class=\"wp-image-1213\" style=\"width:538px;height:auto\" srcset=\"http:\/\/dk-st-josef.de\/wp-content\/uploads\/2025\/01\/Nachwuchs-als-Spicegirls-beim-Jubilaeum-im-Pantheon-2023-2-1024x683.jpg 1024w, http:\/\/dk-st-josef.de\/wp-content\/uploads\/2025\/01\/Nachwuchs-als-Spicegirls-beim-Jubilaeum-im-Pantheon-2023-2-300x200.jpg 300w, http:\/\/dk-st-josef.de\/wp-content\/uploads\/2025\/01\/Nachwuchs-als-Spicegirls-beim-Jubilaeum-im-Pantheon-2023-2-768x512.jpg 768w, http:\/\/dk-st-josef.de\/wp-content\/uploads\/2025\/01\/Nachwuchs-als-Spicegirls-beim-Jubilaeum-im-Pantheon-2023-2-1536x1024.jpg 1536w, http:\/\/dk-st-josef.de\/wp-content\/uploads\/2025\/01\/Nachwuchs-als-Spicegirls-beim-Jubilaeum-im-Pantheon-2023-2-2048x1365.jpg 2048w, http:\/\/dk-st-josef.de\/wp-content\/uploads\/2025\/01\/Nachwuchs-als-Spicegirls-beim-Jubilaeum-im-Pantheon-2023-2-90x60.jpg 90w, http:\/\/dk-st-josef.de\/wp-content\/uploads\/2025\/01\/Nachwuchs-als-Spicegirls-beim-Jubilaeum-im-Pantheon-2023-2-374x249.jpg 374w\" sizes=\"auto, (max-width: 1024px) 100vw, 1024px\" \/><figcaption class=\"wp-element-caption\"><strong>Der Nachwuchs als Spicegirls<\/strong><\/figcaption><\/figure>\n<\/div>\n\n\n<p>Unser Festjahr endete am 21.10.2023 mit einer \u201eHimmlischen Weinprobe\u201c im Pfarrheim St. Josef. Kalle Grundmann, Theologe und Koblenzer Kultur- und Weinbotschafter, f\u00fchrte durch den Abend und untermauerte das Wein trinken mit interessanten und unterhaltsamen Geschichten zu den ausgew\u00e4hlten Weinen, die die Namen von Heiligen und christlichen Festen tragen. \u00a0<\/p>\n","protected":false},"excerpt":{"rendered":"<p>Damenkomitee St. Josef ist schon \u201e99 Jahre himmlisch jeck\u201c Unser Damenkomitee St. Josef feiert ein besonderes Jubil\u00e4um, denn vor 9 x 11 Jahren, im Jahre &hellip; <\/p>\n","protected":false},"author":1,"featured_media":0,"parent":0,"menu_order":0,"comment_status":"closed","ping_status":"closed","template":"","meta":{"footnotes":""},"class_list":["post-1202","page","type-page","status-publish","hentry","latest_post"],"_links":{"self":[{"href":"http:\/\/dk-st-josef.de\/index.php?rest_route=\/wp\/v2\/pages\/1202","targetHints":{"allow":["GET"]}}],"collection":[{"href":"http:\/\/dk-st-josef.de\/index.php?rest_route=\/wp\/v2\/pages"}],"about":[{"href":"http:\/\/dk-st-josef.de\/index.php?rest_route=\/wp\/v2\/types\/page"}],"author":[{"embeddable":true,"href":"http:\/\/dk-st-josef.de\/index.php?rest_route=\/wp\/v2\/users\/1"}],"replies":[{"embeddable":true,"href":"http:\/\/dk-st-josef.de\/index.php?rest_route=%2Fwp%2Fv2%2Fcomments&post=1202"}],"version-history":[{"count":9,"href":"http:\/\/dk-st-josef.de\/index.php?rest_route=\/wp\/v2\/pages\/1202\/revisions"}],"predecessor-version":[{"id":1222,"href":"http:\/\/dk-st-josef.de\/index.php?rest_route=\/wp\/v2\/pages\/1202\/revisions\/1222"}],"wp:attachment":[{"href":"http:\/\/dk-st-josef.de\/index.php?rest_route=%2Fwp%2Fv2%2Fmedia&parent=1202"}],"curies":[{"name":"wp","href":"https:\/\/api.w.org\/{rel}","templated":true}]}}